{"id":78,"date":"2022-07-08T10:49:06","date_gmt":"2022-07-08T13:49:06","guid":{"rendered":"https:\/\/cmdi.santarosa.rs.gov.br\/?page_id=78"},"modified":"2022-07-08T11:22:07","modified_gmt":"2022-07-08T14:22:07","slug":"ilpis-grupos-e-clubes-de-idosos","status":"publish","type":"page","link":"https:\/\/cmdi.santarosa.rs.gov.br\/index.php\/ilpis-grupos-e-clubes-de-idosos\/","title":{"rendered":"ILPIs, Grupos e Clubes de Idosos"},"content":{"rendered":"\t\t<div data-elementor-type=\"wp-page\" data-elementor-id=\"78\" class=\"elementor elementor-78\">\n\t\t\t\t\t\t<section class=\"elementor-section elementor-top-section elementor-element elementor-element-97d2a23 elementor-section-boxed elementor-section-height-default elementor-section-height-default\" data-id=\"97d2a23\" data-element_type=\"section\">\n\t\t\t\t\t\t<div class=\"elementor-container elementor-column-gap-default\">\n\t\t\t\t\t<div class=\"elementor-column elementor-col-100 elementor-top-column elementor-element elementor-element-a4a8ce4\" data-id=\"a4a8ce4\" data-element_type=\"column\">\n\t\t\t<div class=\"elementor-widget-wrap elementor-element-populated\">\n\t\t\t\t\t\t<div class=\"elementor-element elementor-element-25cc215 eael-simple-menu-hamburger-align-left eael-hamburger--tablet elementor-widget elementor-widget-eael-simple-menu\" data-id=\"25cc215\" data-element_type=\"widget\" data-widget_type=\"eael-simple-menu.default\">\n\t\t\t\t<div class=\"elementor-widget-container\">\n\t\t\t\t\t<style>\n                        @media screen and (max-width: 1024px) {\n                            .eael-hamburger--tablet {\n                                .eael-simple-menu-horizontal,\n                                .eael-simple-menu-vertical {\n                                    display: none;\n                                }\n                            }\n                            .eael-hamburger--tablet {\n                                .eael-simple-menu-container .eael-simple-menu-toggle {\n                                    display: block;\n                                }\n                            }\n                        }\n                    <\/style>            <div data-hamburger-icon=\"&lt;i aria-hidden=&quot;true&quot; class=&quot;fas fa-bars&quot;&gt;&lt;\/i&gt;\" data-indicator-icon=\"&lt;i aria-hidden=&quot;true&quot; class=&quot;fas fa-angle-down&quot;&gt;&lt;\/i&gt;\" data-dropdown-indicator-icon=\"&lt;i class=&quot;fas fa-angle-down&quot;&gt;&lt;\/i&gt;\" class=\"eael-simple-menu-container eael-simple-menu-align-left eael-simple-menu--stretch eael-simple-menu-dropdown-align-left preset-1\" data-hamburger-breakpoints=\"{&quot;mobile&quot;:&quot;Dispositivos m\\u00f3veis no modo retrato (&gt; 767px)&quot;,&quot;tablet&quot;:&quot;Tablet no modo retrato (&gt; 1024px)&quot;,&quot;desktop&quot;:&quot;Desktop (&gt; 2400px)&quot;,&quot;none&quot;:&quot;Nenhum&quot;}\" data-hamburger-device=\"tablet\">\n                <ul id=\"menu-grupos\" class=\"eael-simple-menu eael-simple-menu-dropdown-animate-to-top eael-simple-menu-indicator eael-simple-menu-vertical\"><li id=\"menu-item-95\" class=\"menu-item menu-item-type-post_type menu-item-object-page menu-item-95\"><a href=\"https:\/\/cmdi.santarosa.rs.gov.br\/index.php\/ilpis-grupos-e-clubes-de-idosos\/grupo-fonte-luminosa-vila-beatriz-oliveira\/\">GRUPO FONTE LUMINOSA \u2013 VILA BEATRIZ\/OLIVEIRA<\/a><\/li>\n<li id=\"menu-item-104\" class=\"menu-item menu-item-type-post_type menu-item-object-page menu-item-104\"><a href=\"https:\/\/cmdi.santarosa.rs.gov.br\/index.php\/ilpis-grupos-e-clubes-de-idosos\/clube-de-terceira-idade-renascer-juntos\/\">CLUBE DE TERCEIRA IDADE RENASCER JUNTOS<\/a><\/li>\n<li id=\"menu-item-149\" class=\"menu-item menu-item-type-post_type menu-item-object-page menu-item-149\"><a href=\"https:\/\/cmdi.santarosa.rs.gov.br\/index.php\/centro-de-convivencia-do-idoso\/\">Centro de Conviv\u00eancia do Idoso<\/a><\/li>\n<li id=\"menu-item-170\" class=\"menu-item menu-item-type-post_type menu-item-object-page menu-item-170\"><a href=\"https:\/\/cmdi.santarosa.rs.gov.br\/index.php\/ilpis-grupos-e-clubes-de-idosos\/clube-de-idosos-amor-e-compreensao-bairro-cruzeiro\/\">CLUBE DE IDOSOS AMOR E COMPREENS\u00c3O \u2013 BAIRRO CRUZEIRO<\/a><\/li>\n<li id=\"menu-item-173\" class=\"menu-item menu-item-type-post_type menu-item-object-page menu-item-173\"><a href=\"https:\/\/cmdi.santarosa.rs.gov.br\/index.php\/ilpis-grupos-e-clubes-de-idosos\/grupo-harmonia-timbauva\/\">GRUPO HARMONIA \u00a0\u2013 TIMBA\u00daVA<\/a><\/li>\n<li id=\"menu-item-176\" class=\"menu-item menu-item-type-post_type menu-item-object-page menu-item-176\"><a href=\"https:\/\/cmdi.santarosa.rs.gov.br\/index.php\/ilpis-grupos-e-clubes-de-idosos\/grupo-de-terceira-idade-circulo-operario\/\">GRUPO DE TERCEIRA IDADE C\u00cdRCULO OPER\u00c1RIO<\/a><\/li>\n<li id=\"menu-item-179\" class=\"menu-item menu-item-type-post_type menu-item-object-page menu-item-179\"><a href=\"https:\/\/cmdi.santarosa.rs.gov.br\/index.php\/ilpis-grupos-e-clubes-de-idosos\/grupo-de-terceira-idade-recordar-e-viver-vila-sulina\/\">GRUPO DE TERCEIRA IDADE RECORDAR \u00c9 VIVER \u2013 VILA SULINA<\/a><\/li>\n<li id=\"menu-item-182\" class=\"menu-item menu-item-type-post_type menu-item-object-page menu-item-182\"><a href=\"https:\/\/cmdi.santarosa.rs.gov.br\/index.php\/ilpis-grupos-e-clubes-de-idosos\/grupo-saber-viver-jardim-petropolis\/\">GRUPO SABER VIVER \u2013 JARDIM PETR\u00d3POLIS<\/a><\/li>\n<li id=\"menu-item-185\" class=\"menu-item menu-item-type-post_type menu-item-object-page menu-item-185\"><a href=\"https:\/\/cmdi.santarosa.rs.gov.br\/index.php\/ilpis-grupos-e-clubes-de-idosos\/clube-de-terceira-idade-santa-teresinha-guia-lopes\/\">CLUBE DE TERCEIRA IDADE SANTA TERESINHA \u2013 GUIA LOPES<\/a><\/li>\n<li id=\"menu-item-188\" class=\"menu-item menu-item-type-post_type menu-item-object-page menu-item-188\"><a href=\"https:\/\/cmdi.santarosa.rs.gov.br\/index.php\/ilpis-grupos-e-clubes-de-idosos\/clube-da-terceira-idade-de-bela-uniao\/\">CLUBE DA TERCEIRA IDADE DE BELA UNI\u00c3O<\/a><\/li>\n<li id=\"menu-item-191\" class=\"menu-item menu-item-type-post_type menu-item-object-page menu-item-191\"><a href=\"https:\/\/cmdi.santarosa.rs.gov.br\/index.php\/ilpis-grupos-e-clubes-de-idosos\/grupo-da-terceira-idade-vila-planalto\/\">GRUPO DA TERCEIRA IDADE \u2013 VILA PLANALTO<\/a><\/li>\n<li id=\"menu-item-194\" class=\"menu-item menu-item-type-post_type menu-item-object-page menu-item-194\"><a href=\"https:\/\/cmdi.santarosa.rs.gov.br\/index.php\/ilpis-grupos-e-clubes-de-idosos\/grupo-de-terceira-idade-maturidade-ativa-sesc\/\">GRUPO DE TERCEIRA IDADE MATURIDADE ATIVA \u2013 SESC<\/a><\/li>\n<li id=\"menu-item-197\" class=\"menu-item menu-item-type-post_type menu-item-object-page menu-item-197\"><a href=\"https:\/\/cmdi.santarosa.rs.gov.br\/index.php\/ilpis-grupos-e-clubes-de-idosos\/clube-da-terceira-idade-amor-solidario-cruzeiro-do-sul\/\">CLUBE DA TERCEIRA IDADE Amor Solid\u00e1rio \u2013 CRUZEIRO DO SUL<\/a><\/li>\n<li id=\"menu-item-200\" class=\"menu-item menu-item-type-post_type menu-item-object-page menu-item-200\"><a href=\"https:\/\/cmdi.santarosa.rs.gov.br\/index.php\/ilpis-grupos-e-clubes-de-idosos\/associacao-santa-rosense-de-cambio\/\">ASSOCIA\u00c7\u00c3O SANTA-ROSENSE DE C\u00c2MBIO<\/a><\/li>\n<li id=\"menu-item-203\" class=\"menu-item menu-item-type-post_type menu-item-object-page menu-item-203\"><a href=\"https:\/\/cmdi.santarosa.rs.gov.br\/index.php\/ilpis-grupos-e-clubes-de-idosos\/centro-assistencial-sagrada-familia-grupo-felizidade\/\">CENTRO ASSISTENCIAL SAGRADA FAM\u00cdLIA \u2013 Grupo Felizidade<\/a><\/li>\n<li id=\"menu-item-206\" class=\"menu-item menu-item-type-post_type menu-item-object-page menu-item-206\"><a href=\"https:\/\/cmdi.santarosa.rs.gov.br\/index.php\/ilpis-grupos-e-clubes-de-idosos\/associacao-do-grupo-energia-de-santa-rosa\/\">ASSOCIA\u00c7\u00c3O DO GRUPO ENERGIA DE SANTA ROSA<\/a><\/li>\n<li id=\"menu-item-216\" class=\"menu-item menu-item-type-post_type menu-item-object-page menu-item-216\"><a href=\"https:\/\/cmdi.santarosa.rs.gov.br\/index.php\/ilpis-grupos-e-clubes-de-idosos\/casas-geriatricas-e-ilpis\/\">CASAS GERIATRICAS E ILPIs<\/a><\/li>\n<\/ul>                <button class=\"eael-simple-menu-toggle\">\n                    <span class=\"sr-only \">Menu de altern\u00e2ncia de hamb\u00farguer<\/span>\n                    <i aria-hidden=\"true\" class=\"fas fa-bars\"><\/i>                <\/button>\n            <\/div>\n            \t\t\t\t<\/div>\n\t\t\t\t<\/div>\n\t\t\t\t\t<\/div>\n\t\t<\/div>\n\t\t\t\t\t<\/div>\n\t\t<\/section>\n\t\t\t\t<\/div>\n\t\t","protected":false},"excerpt":{"rendered":"<p>GRUPO FONTE LUMINOSA \u2013 VILA BEATRIZ\/OLIVEIRA<\/p>\n","protected":false},"author":1,"featured_media":0,"parent":0,"menu_order":0,"comment_status":"closed","ping_status":"closed","template":"","meta":{"footnotes":""},"class_list":["post-78","page","type-page","status-publish","hentry"],"_links":{"self":[{"href":"https:\/\/cmdi.santarosa.rs.gov.br\/index.php\/wp-json\/wp\/v2\/pages\/78","targetHints":{"allow":["GET"]}}],"collection":[{"href":"https:\/\/cmdi.santarosa.rs.gov.br\/index.php\/wp-json\/wp\/v2\/pages"}],"about":[{"href":"https:\/\/cmdi.santarosa.rs.gov.br\/index.php\/wp-json\/wp\/v2\/types\/page"}],"author":[{"embeddable":true,"href":"https:\/\/cmdi.santarosa.rs.gov.br\/index.php\/wp-json\/wp\/v2\/users\/1"}],"replies":[{"embeddable":true,"href":"https:\/\/cmdi.santarosa.rs.gov.br\/index.php\/wp-json\/wp\/v2\/comments?post=78"}],"version-history":[{"count":15,"href":"https:\/\/cmdi.santarosa.rs.gov.br\/index.php\/wp-json\/wp\/v2\/pages\/78\/revisions"}],"predecessor-version":[{"id":101,"href":"https:\/\/cmdi.santarosa.rs.gov.br\/index.php\/wp-json\/wp\/v2\/pages\/78\/revisions\/101"}],"wp:attachment":[{"href":"https:\/\/cmdi.santarosa.rs.gov.br\/index.php\/wp-json\/wp\/v2\/media?parent=78"}],"curies":[{"name":"wp","href":"https:\/\/api.w.org\/{rel}","templated":true}]}}