{"id":207,"date":"2022-08-05T08:55:28","date_gmt":"2022-08-05T11:55:28","guid":{"rendered":"https:\/\/cmdi.santarosa.rs.gov.br\/?page_id=207"},"modified":"2022-08-05T09:31:13","modified_gmt":"2022-08-05T12:31:13","slug":"casas-geriatricas-e-ilpis","status":"publish","type":"page","link":"https:\/\/cmdi.santarosa.rs.gov.br\/index.php\/ilpis-grupos-e-clubes-de-idosos\/casas-geriatricas-e-ilpis\/","title":{"rendered":"CASAS GERIATRICAS E ILPIs"},"content":{"rendered":"\n<p class=\"has-medium-font-size\"><strong>RESIDENCIAL GERI\u00c1TRICO BORTOLI E GRASS LTDA<\/strong><\/p>\n\n\n\n<p class=\"has-medium-font-size\"><strong>Inscrito no CMDI<\/strong><\/p>\n\n\n\n<p class=\"has-medium-font-size\"><strong>Diretora:<\/strong> Maria Cristina Bortoli<\/p>\n\n\n\n<p class=\"has-medium-font-size\"><strong>Telefone:<\/strong> 99620-2804<\/p>\n\n\n\n<p class=\"has-medium-font-size\"><strong>Reuni\u00f5es mensais<\/strong><\/p>\n\n\n\n<p class=\"has-medium-font-size\"> <\/p>\n\n\n\n<p class=\"has-medium-font-size\"><strong>ASSOCIA\u00c7\u00c3O DAS DAMAS DE CARIDADE \u2013 ADAC<\/strong><\/p>\n\n\n\n<p class=\"has-medium-font-size\"><strong>Inscrito no CMDI<\/strong><\/p>\n\n\n\n<p class=\"has-medium-font-size\"><strong>Telefone:<\/strong> 3512-2541<\/p>\n\n\n\n<p class=\"has-medium-font-size\"><strong>CNPJ:<\/strong> 95.823.563\/0001-96<\/p>\n\n\n\n<p class=\"has-medium-font-size\"><strong>Presidente:<\/strong> Nedi Gnatta Pisoni<\/p>\n\n\n\n<p class=\"has-medium-font-size\"><strong>Telefone:<\/strong> 99921-9780<\/p>\n\n\n\n<p class=\"has-medium-font-size\"><strong>Reuni\u00e3o mensal<\/strong><\/p>\n\n\n\n<p class=\"has-medium-font-size\">Ter\u00e7a-feira \u2013 atividades recreativas (jogos pedag\u00f3gicos, pinturas, dan\u00e7as, atividades f\u00edsicas) atendimento psicossociais e realiza\u00e7\u00e3o de visitas e chamadas de v\u00eddeo conforme cronograma interno.<\/p>\n\n\n\n<p class=\"has-medium-font-size\">Quarta-feira \u2013 atendimento psicossociais em grupo e individuais.<\/p>\n\n\n\n<p class=\"has-medium-font-size\">Quinta-feira \u2013 atividades recreativas (jogos pedag\u00f3gicos, pinturas, dan\u00e7as, atividades f\u00edsicas) atendimento psicossociais e realiza\u00e7\u00e3o de visitas e chamadas de v\u00eddeo conforme cronograma interno.<\/p>\n\n\n\n<p class=\"has-medium-font-size\">Sexta-feira \u2013 atendimento psicol\u00f3gico individual.<\/p>\n","protected":false},"excerpt":{"rendered":"<p>RESIDENCIAL GERI\u00c1TRICO BORTOLI E GRASS LTDA Inscrito no CMDI Diretora: Maria Cristina Bortoli Telefone: 99620-2804 Reuni\u00f5es mensais ASSOCIA\u00c7\u00c3O DAS DAMAS DE CARIDADE \u2013 ADAC Inscrito no CMDI Telefone: 3512-2541 CNPJ: [&hellip;]<\/p>\n","protected":false},"author":3,"featured_media":0,"parent":78,"menu_order":0,"comment_status":"closed","ping_status":"closed","template":"","meta":{"footnotes":""},"class_list":["post-207","page","type-page","status-publish","hentry"],"_links":{"self":[{"href":"https:\/\/cmdi.santarosa.rs.gov.br\/index.php\/wp-json\/wp\/v2\/pages\/207","targetHints":{"allow":["GET"]}}],"collection":[{"href":"https:\/\/cmdi.santarosa.rs.gov.br\/index.php\/wp-json\/wp\/v2\/pages"}],"about":[{"href":"https:\/\/cmdi.santarosa.rs.gov.br\/index.php\/wp-json\/wp\/v2\/types\/page"}],"author":[{"embeddable":true,"href":"https:\/\/cmdi.santarosa.rs.gov.br\/index.php\/wp-json\/wp\/v2\/users\/3"}],"replies":[{"embeddable":true,"href":"https:\/\/cmdi.santarosa.rs.gov.br\/index.php\/wp-json\/wp\/v2\/comments?post=207"}],"version-history":[{"count":3,"href":"https:\/\/cmdi.santarosa.rs.gov.br\/index.php\/wp-json\/wp\/v2\/pages\/207\/revisions"}],"predecessor-version":[{"id":218,"href":"https:\/\/cmdi.santarosa.rs.gov.br\/index.php\/wp-json\/wp\/v2\/pages\/207\/revisions\/218"}],"up":[{"embeddable":true,"href":"https:\/\/cmdi.santarosa.rs.gov.br\/index.php\/wp-json\/wp\/v2\/pages\/78"}],"wp:attachment":[{"href":"https:\/\/cmdi.santarosa.rs.gov.br\/index.php\/wp-json\/wp\/v2\/media?parent=207"}],"curies":[{"name":"wp","href":"https:\/\/api.w.org\/{rel}","templated":true}]}}