{"id":198,"date":"2022-08-05T08:26:39","date_gmt":"2022-08-05T11:26:39","guid":{"rendered":"https:\/\/cmdi.santarosa.rs.gov.br\/?page_id=198"},"modified":"2022-08-05T09:16:39","modified_gmt":"2022-08-05T12:16:39","slug":"associacao-santa-rosense-de-cambio","status":"publish","type":"page","link":"https:\/\/cmdi.santarosa.rs.gov.br\/index.php\/ilpis-grupos-e-clubes-de-idosos\/associacao-santa-rosense-de-cambio\/","title":{"rendered":"ASSOCIA\u00c7\u00c3O SANTA-ROSENSE DE C\u00c2MBIO"},"content":{"rendered":"\n<p class=\"has-medium-font-size\"><strong>Inscrito no CMDI<\/strong><\/p>\n\n\n\n<p class=\"has-medium-font-size\"><strong>Presidente<\/strong>: D\u00e1rio Hickert<\/p>\n\n\n\n<p class=\"has-medium-font-size\"><strong>Telefone:<\/strong> 99694-7816<\/p>\n\n\n\n<p class=\"has-medium-font-size\"><strong>CNPJ:<\/strong> 18.994.741\/0001-09<\/p>\n\n\n\n<p class=\"has-text-align-left has-medium-font-size\"><strong>Reuni\u00f5es semanais e mensais:<\/strong><\/p>\n\n\n\n<div class=\"wp-block-group\"><div class=\"wp-block-group__inner-container is-layout-flow wp-block-group-is-layout-flow\">\n<div class=\"wp-block-group\"><div class=\"wp-block-group__inner-container is-layout-flow wp-block-group-is-layout-flow\">\n<p class=\"has-medium-font-size\">Segunda-feira \u2013 treino de c\u00e2mbio manh\u00e3 e noite<\/p>\n\n\n\n<p class=\"has-medium-font-size\">Ter\u00e7a-feira \u2013 treino c\u00e2mbio a noite<\/p>\n\n\n\n<p class=\"has-medium-font-size\">Quarta-feira \u2013 treino de c\u00e2mbio de manh\u00e3 e noite<\/p>\n\n\n\n<p class=\"has-medium-font-size\">Sexta-feira \u2013 treino de c\u00e2mbio<\/p>\n<\/div><\/div>\n<\/div><\/div>\n\n\n\n<div class=\"wp-block-group\"><div class=\"wp-block-group__inner-container is-layout-flow wp-block-group-is-layout-flow\">\n<div class=\"wp-block-columns is-layout-flex wp-container-core-columns-is-layout-9d6595d7 wp-block-columns-is-layout-flex\">\n<div class=\"wp-block-column is-layout-flow wp-block-column-is-layout-flow\" style=\"flex-basis:100%\">\n<div class=\"wp-block-group\"><div class=\"wp-block-group__inner-container is-layout-flow wp-block-group-is-layout-flow\">\n<div class=\"wp-block-columns is-layout-flex wp-container-core-columns-is-layout-9d6595d7 wp-block-columns-is-layout-flex\">\n<div class=\"wp-block-column is-layout-flow wp-block-column-is-layout-flow\" style=\"flex-basis:100%\">\n<div class=\"wp-block-group\"><div class=\"wp-block-group__inner-container is-layout-flow wp-block-group-is-layout-flow\"><\/div><\/div>\n<\/div>\n<\/div>\n<\/div><\/div>\n<\/div>\n<\/div>\n<\/div><\/div>\n","protected":false},"excerpt":{"rendered":"<p>Inscrito no CMDI Presidente: D\u00e1rio Hickert Telefone: 99694-7816 CNPJ: 18.994.741\/0001-09 Reuni\u00f5es semanais e mensais: Segunda-feira \u2013 treino de c\u00e2mbio manh\u00e3 e noite Ter\u00e7a-feira \u2013 treino c\u00e2mbio a noite Quarta-feira \u2013 [&hellip;]<\/p>\n","protected":false},"author":3,"featured_media":0,"parent":78,"menu_order":0,"comment_status":"closed","ping_status":"closed","template":"","meta":{"footnotes":""},"class_list":["post-198","page","type-page","status-publish","hentry"],"_links":{"self":[{"href":"https:\/\/cmdi.santarosa.rs.gov.br\/index.php\/wp-json\/wp\/v2\/pages\/198","targetHints":{"allow":["GET"]}}],"collection":[{"href":"https:\/\/cmdi.santarosa.rs.gov.br\/index.php\/wp-json\/wp\/v2\/pages"}],"about":[{"href":"https:\/\/cmdi.santarosa.rs.gov.br\/index.php\/wp-json\/wp\/v2\/types\/page"}],"author":[{"embeddable":true,"href":"https:\/\/cmdi.santarosa.rs.gov.br\/index.php\/wp-json\/wp\/v2\/users\/3"}],"replies":[{"embeddable":true,"href":"https:\/\/cmdi.santarosa.rs.gov.br\/index.php\/wp-json\/wp\/v2\/comments?post=198"}],"version-history":[{"count":2,"href":"https:\/\/cmdi.santarosa.rs.gov.br\/index.php\/wp-json\/wp\/v2\/pages\/198\/revisions"}],"predecessor-version":[{"id":209,"href":"https:\/\/cmdi.santarosa.rs.gov.br\/index.php\/wp-json\/wp\/v2\/pages\/198\/revisions\/209"}],"up":[{"embeddable":true,"href":"https:\/\/cmdi.santarosa.rs.gov.br\/index.php\/wp-json\/wp\/v2\/pages\/78"}],"wp:attachment":[{"href":"https:\/\/cmdi.santarosa.rs.gov.br\/index.php\/wp-json\/wp\/v2\/media?parent=198"}],"curies":[{"name":"wp","href":"https:\/\/api.w.org\/{rel}","templated":true}]}}